{"id":2411,"date":"2018-06-15T20:16:46","date_gmt":"2018-06-15T18:16:46","guid":{"rendered":"https:\/\/www.diex.ca\/nos-etudes\/"},"modified":"2021-08-27T11:30:11","modified_gmt":"2021-08-27T15:30:11","slug":"our-studies","status":"publish","type":"page","link":"https:\/\/www.diex.ca\/en\/our-studies\/","title":{"rendered":"Our studies"},"content":{"rendered":"<p>In order to participate to one of our studies, you must first contact our team. It will be our pleasure to answer all your interrogations and to give you the information required concerning our clinical research.<\/p>\r\n<p>You will receive a financial compensation for your travel.<\/p>\r\n<p>For more information, do not hesitate to communicate with us at <a href=\"tel:8193462877\">819 346-2877<\/a> (Sherbrooke), <a href=\"tel:8192601172\">819 260-1172<\/a> (Victoriaville), <a href=\"tel:5814773439\">581 477-3439<\/a> (Quebec), <a href=\"tel:5798410571\">579 841-0571<\/a> (Joliette) or <a href=\"tel:8193462877\">819 346-2877<\/a>(Trois-Rivi\u00e8res).<\/p>","protected":false},"excerpt":{"rendered":"<p>In order to participate to one of our studies, you must first contact our team. It will be our pleasure to answer all your interrogations [&#8230;]<\/p>\n","protected":false},"author":1,"featured_media":0,"parent":0,"menu_order":0,"comment_status":"closed","ping_status":"closed","template":"template-etudes.php","meta":{"_acf_changed":false,"footnotes":""},"class_list":["post-2411","page","type-page","status-publish","hentry"],"acf":[],"yoast_head":"<!-- This site is optimized with the Yoast SEO plugin v27.4 - https:\/\/yoast.com\/product\/yoast-seo-wordpress\/ -->\n<title>Our studies - Diex Recherche<\/title>\n<meta name=\"description\" content=\"Il nous fera plaisir de r\u00e9pondre \u00e0 toutes vos interrogations et de vous fournir l&#039;information n\u00e9cessaire concernant la recherche clinique. - Informez-vous!\" \/>\n<meta name=\"robots\" content=\"index, follow, max-snippet:-1, max-image-preview:large, max-video-preview:-1\" \/>\n<link rel=\"canonical\" href=\"https:\/\/www.diex.ca\/en\/our-studies\/\" \/>\n<meta property=\"og:locale\" content=\"en_US\" \/>\n<meta property=\"og:type\" content=\"article\" \/>\n<meta property=\"og:title\" content=\"Our studies - Diex Recherche\" \/>\n<meta property=\"og:description\" content=\"Il nous fera plaisir de r\u00e9pondre \u00e0 toutes vos interrogations et de vous fournir l&#039;information n\u00e9cessaire concernant la recherche clinique. - Informez-vous!\" \/>\n<meta property=\"og:url\" content=\"https:\/\/www.diex.ca\/en\/our-studies\/\" \/>\n<meta property=\"og:site_name\" content=\"Diex Recherche\" \/>\n<meta property=\"article:modified_time\" content=\"2021-08-27T15:30:11+00:00\" \/>\n<meta property=\"og:image\" content=\"https:\/\/www.diex.ca\/wp-content\/uploads\/2018\/08\/Diex_2011.jpg\" \/>\n\t<meta property=\"og:image:width\" content=\"1020\" \/>\n\t<meta property=\"og:image:height\" content=\"686\" \/>\n\t<meta property=\"og:image:type\" content=\"image\/jpeg\" \/>\n<meta name=\"twitter:card\" content=\"summary_large_image\" \/>\n<script type=\"application\/ld+json\" class=\"yoast-schema-graph\">{\"@context\":\"https:\\\/\\\/schema.org\",\"@graph\":[{\"@type\":\"WebPage\",\"@id\":\"https:\\\/\\\/www.diex.ca\\\/en\\\/our-studies\\\/\",\"url\":\"https:\\\/\\\/www.diex.ca\\\/en\\\/our-studies\\\/\",\"name\":\"Our studies - Diex Recherche\",\"isPartOf\":{\"@id\":\"https:\\\/\\\/www.diex.ca\\\/#website\"},\"datePublished\":\"2018-06-15T18:16:46+00:00\",\"dateModified\":\"2021-08-27T15:30:11+00:00\",\"description\":\"Il nous fera plaisir de r\u00e9pondre \u00e0 toutes vos interrogations et de vous fournir l'information n\u00e9cessaire concernant la recherche clinique. - Informez-vous!\",\"breadcrumb\":{\"@id\":\"https:\\\/\\\/www.diex.ca\\\/en\\\/our-studies\\\/#breadcrumb\"},\"inLanguage\":\"en-US\",\"potentialAction\":[{\"@type\":\"ReadAction\",\"target\":[\"https:\\\/\\\/www.diex.ca\\\/en\\\/our-studies\\\/\"]}]},{\"@type\":\"BreadcrumbList\",\"@id\":\"https:\\\/\\\/www.diex.ca\\\/en\\\/our-studies\\\/#breadcrumb\",\"itemListElement\":[{\"@type\":\"ListItem\",\"position\":1,\"name\":\"Accueil\",\"item\":\"https:\\\/\\\/www.diex.ca\\\/en\\\/\"},{\"@type\":\"ListItem\",\"position\":2,\"name\":\"Our studies\"}]},{\"@type\":\"WebSite\",\"@id\":\"https:\\\/\\\/www.diex.ca\\\/#website\",\"url\":\"https:\\\/\\\/www.diex.ca\\\/\",\"name\":\"Diex Recherche\",\"description\":\"Entreprise priv\u00e9e de la recherche clinique\",\"potentialAction\":[{\"@type\":\"SearchAction\",\"target\":{\"@type\":\"EntryPoint\",\"urlTemplate\":\"https:\\\/\\\/www.diex.ca\\\/?s={search_term_string}\"},\"query-input\":{\"@type\":\"PropertyValueSpecification\",\"valueRequired\":true,\"valueName\":\"search_term_string\"}}],\"inLanguage\":\"en-US\"}]}<\/script>\n<!-- \/ Yoast SEO plugin. -->","yoast_head_json":{"title":"Our studies - Diex Recherche","description":"Il nous fera plaisir de r\u00e9pondre \u00e0 toutes vos interrogations et de vous fournir l'information n\u00e9cessaire concernant la recherche clinique. - Informez-vous!","robots":{"index":"index","follow":"follow","max-snippet":"max-snippet:-1","max-image-preview":"max-image-preview:large","max-video-preview":"max-video-preview:-1"},"canonical":"https:\/\/www.diex.ca\/en\/our-studies\/","og_locale":"en_US","og_type":"article","og_title":"Our studies - Diex Recherche","og_description":"Il nous fera plaisir de r\u00e9pondre \u00e0 toutes vos interrogations et de vous fournir l'information n\u00e9cessaire concernant la recherche clinique. - Informez-vous!","og_url":"https:\/\/www.diex.ca\/en\/our-studies\/","og_site_name":"Diex Recherche","article_modified_time":"2021-08-27T15:30:11+00:00","og_image":[{"width":1020,"height":686,"url":"https:\/\/www.diex.ca\/wp-content\/uploads\/2018\/08\/Diex_2011.jpg","type":"image\/jpeg"}],"twitter_card":"summary_large_image","schema":{"@context":"https:\/\/schema.org","@graph":[{"@type":"WebPage","@id":"https:\/\/www.diex.ca\/en\/our-studies\/","url":"https:\/\/www.diex.ca\/en\/our-studies\/","name":"Our studies - Diex Recherche","isPartOf":{"@id":"https:\/\/www.diex.ca\/#website"},"datePublished":"2018-06-15T18:16:46+00:00","dateModified":"2021-08-27T15:30:11+00:00","description":"Il nous fera plaisir de r\u00e9pondre \u00e0 toutes vos interrogations et de vous fournir l'information n\u00e9cessaire concernant la recherche clinique. - Informez-vous!","breadcrumb":{"@id":"https:\/\/www.diex.ca\/en\/our-studies\/#breadcrumb"},"inLanguage":"en-US","potentialAction":[{"@type":"ReadAction","target":["https:\/\/www.diex.ca\/en\/our-studies\/"]}]},{"@type":"BreadcrumbList","@id":"https:\/\/www.diex.ca\/en\/our-studies\/#breadcrumb","itemListElement":[{"@type":"ListItem","position":1,"name":"Accueil","item":"https:\/\/www.diex.ca\/en\/"},{"@type":"ListItem","position":2,"name":"Our studies"}]},{"@type":"WebSite","@id":"https:\/\/www.diex.ca\/#website","url":"https:\/\/www.diex.ca\/","name":"Diex Recherche","description":"Entreprise priv\u00e9e de la recherche clinique","potentialAction":[{"@type":"SearchAction","target":{"@type":"EntryPoint","urlTemplate":"https:\/\/www.diex.ca\/?s={search_term_string}"},"query-input":{"@type":"PropertyValueSpecification","valueRequired":true,"valueName":"search_term_string"}}],"inLanguage":"en-US"}]}},"_links":{"self":[{"href":"https:\/\/www.diex.ca\/en\/wp-json\/wp\/v2\/pages\/2411","targetHints":{"allow":["GET"]}}],"collection":[{"href":"https:\/\/www.diex.ca\/en\/wp-json\/wp\/v2\/pages"}],"about":[{"href":"https:\/\/www.diex.ca\/en\/wp-json\/wp\/v2\/types\/page"}],"author":[{"embeddable":true,"href":"https:\/\/www.diex.ca\/en\/wp-json\/wp\/v2\/users\/1"}],"replies":[{"embeddable":true,"href":"https:\/\/www.diex.ca\/en\/wp-json\/wp\/v2\/comments?post=2411"}],"version-history":[{"count":10,"href":"https:\/\/www.diex.ca\/en\/wp-json\/wp\/v2\/pages\/2411\/revisions"}],"predecessor-version":[{"id":3920,"href":"https:\/\/www.diex.ca\/en\/wp-json\/wp\/v2\/pages\/2411\/revisions\/3920"}],"wp:attachment":[{"href":"https:\/\/www.diex.ca\/en\/wp-json\/wp\/v2\/media?parent=2411"}],"curies":[{"name":"wp","href":"https:\/\/api.w.org\/{rel}","templated":true}]}}