{"id":2436,"date":"2018-06-15T20:17:18","date_gmt":"2018-06-15T18:17:18","guid":{"rendered":"https:\/\/www.diex.ca\/partenariat-professionnel\/"},"modified":"2025-05-07T09:32:11","modified_gmt":"2025-05-07T13:32:11","slug":"partenariat-professionnel","status":"publish","type":"page","link":"https:\/\/www.diex.ca\/en\/partenariat-professionnel\/","title":{"rendered":"Professional partnership"},"content":{"rendered":"","protected":false},"excerpt":{"rendered":"","protected":false},"author":1,"featured_media":0,"parent":0,"menu_order":0,"comment_status":"closed","ping_status":"closed","template":"template-zones.php","meta":{"_acf_changed":false,"footnotes":""},"class_list":["post-2436","page","type-page","status-publish","hentry"],"acf":[],"yoast_head":"<!-- This site is optimized with the Yoast SEO plugin v27.5 - https:\/\/yoast.com\/product\/yoast-seo-wordpress\/ -->\n<title>Partenariat professionnel - Qu\u2019est-ce que Diex Recherche<\/title>\n<meta name=\"description\" content=\"Diex Recherche est une entreprise priv\u00e9e de recherche clinique conduisant des essais de phase I \u00e0 IV. - Un mod\u00e8le d\u2019affaire nique en son genre.\" \/>\n<meta name=\"robots\" content=\"index, follow, max-snippet:-1, max-image-preview:large, max-video-preview:-1\" \/>\n<link rel=\"canonical\" href=\"https:\/\/www.diex.ca\/en\/partenariat-professionnel\/\" \/>\n<meta property=\"og:locale\" content=\"en_US\" \/>\n<meta property=\"og:type\" content=\"article\" \/>\n<meta property=\"og:title\" content=\"Partenariat professionnel - Qu\u2019est-ce que Diex Recherche\" \/>\n<meta property=\"og:description\" content=\"Diex Recherche est une entreprise priv\u00e9e de recherche clinique conduisant des essais de phase I \u00e0 IV. - Un mod\u00e8le d\u2019affaire nique en son genre.\" \/>\n<meta property=\"og:url\" content=\"https:\/\/www.diex.ca\/en\/partenariat-professionnel\/\" \/>\n<meta property=\"og:site_name\" content=\"Diex Recherche\" \/>\n<meta property=\"article:modified_time\" content=\"2025-05-07T13:32:11+00:00\" \/>\n<meta property=\"og:image\" content=\"https:\/\/www.diex.ca\/wp-content\/uploads\/2018\/08\/Diex_2011.jpg\" \/>\n\t<meta property=\"og:image:width\" content=\"1020\" \/>\n\t<meta property=\"og:image:height\" content=\"686\" \/>\n\t<meta property=\"og:image:type\" content=\"image\/jpeg\" \/>\n<meta name=\"twitter:card\" content=\"summary_large_image\" \/>\n<script type=\"application\/ld+json\" class=\"yoast-schema-graph\">{\"@context\":\"https:\\\/\\\/schema.org\",\"@graph\":[{\"@type\":\"WebPage\",\"@id\":\"https:\\\/\\\/www.diex.ca\\\/en\\\/partenariat-professionnel\\\/\",\"url\":\"https:\\\/\\\/www.diex.ca\\\/en\\\/partenariat-professionnel\\\/\",\"name\":\"Partenariat professionnel - Qu\u2019est-ce que Diex Recherche\",\"isPartOf\":{\"@id\":\"https:\\\/\\\/www.diex.ca\\\/#website\"},\"datePublished\":\"2018-06-15T18:17:18+00:00\",\"dateModified\":\"2025-05-07T13:32:11+00:00\",\"description\":\"Diex Recherche est une entreprise priv\u00e9e de recherche clinique conduisant des essais de phase I \u00e0 IV. - Un mod\u00e8le d\u2019affaire nique en son genre.\",\"breadcrumb\":{\"@id\":\"https:\\\/\\\/www.diex.ca\\\/en\\\/partenariat-professionnel\\\/#breadcrumb\"},\"inLanguage\":\"en-US\",\"potentialAction\":[{\"@type\":\"ReadAction\",\"target\":[\"https:\\\/\\\/www.diex.ca\\\/en\\\/partenariat-professionnel\\\/\"]}]},{\"@type\":\"BreadcrumbList\",\"@id\":\"https:\\\/\\\/www.diex.ca\\\/en\\\/partenariat-professionnel\\\/#breadcrumb\",\"itemListElement\":[{\"@type\":\"ListItem\",\"position\":1,\"name\":\"Accueil\",\"item\":\"https:\\\/\\\/www.diex.ca\\\/en\\\/\"},{\"@type\":\"ListItem\",\"position\":2,\"name\":\"Professional partnership\"}]},{\"@type\":\"WebSite\",\"@id\":\"https:\\\/\\\/www.diex.ca\\\/#website\",\"url\":\"https:\\\/\\\/www.diex.ca\\\/\",\"name\":\"Diex Recherche\",\"description\":\"Entreprise priv\u00e9e de la recherche clinique\",\"potentialAction\":[{\"@type\":\"SearchAction\",\"target\":{\"@type\":\"EntryPoint\",\"urlTemplate\":\"https:\\\/\\\/www.diex.ca\\\/?s={search_term_string}\"},\"query-input\":{\"@type\":\"PropertyValueSpecification\",\"valueRequired\":true,\"valueName\":\"search_term_string\"}}],\"inLanguage\":\"en-US\"}]}<\/script>\n<!-- \/ Yoast SEO plugin. -->","yoast_head_json":{"title":"Partenariat professionnel - Qu\u2019est-ce que Diex Recherche","description":"Diex Recherche est une entreprise priv\u00e9e de recherche clinique conduisant des essais de phase I \u00e0 IV. - Un mod\u00e8le d\u2019affaire nique en son genre.","robots":{"index":"index","follow":"follow","max-snippet":"max-snippet:-1","max-image-preview":"max-image-preview:large","max-video-preview":"max-video-preview:-1"},"canonical":"https:\/\/www.diex.ca\/en\/partenariat-professionnel\/","og_locale":"en_US","og_type":"article","og_title":"Partenariat professionnel - Qu\u2019est-ce que Diex Recherche","og_description":"Diex Recherche est une entreprise priv\u00e9e de recherche clinique conduisant des essais de phase I \u00e0 IV. - Un mod\u00e8le d\u2019affaire nique en son genre.","og_url":"https:\/\/www.diex.ca\/en\/partenariat-professionnel\/","og_site_name":"Diex Recherche","article_modified_time":"2025-05-07T13:32:11+00:00","og_image":[{"width":1020,"height":686,"url":"https:\/\/www.diex.ca\/wp-content\/uploads\/2018\/08\/Diex_2011.jpg","type":"image\/jpeg"}],"twitter_card":"summary_large_image","schema":{"@context":"https:\/\/schema.org","@graph":[{"@type":"WebPage","@id":"https:\/\/www.diex.ca\/en\/partenariat-professionnel\/","url":"https:\/\/www.diex.ca\/en\/partenariat-professionnel\/","name":"Partenariat professionnel - Qu\u2019est-ce que Diex Recherche","isPartOf":{"@id":"https:\/\/www.diex.ca\/#website"},"datePublished":"2018-06-15T18:17:18+00:00","dateModified":"2025-05-07T13:32:11+00:00","description":"Diex Recherche est une entreprise priv\u00e9e de recherche clinique conduisant des essais de phase I \u00e0 IV. - Un mod\u00e8le d\u2019affaire nique en son genre.","breadcrumb":{"@id":"https:\/\/www.diex.ca\/en\/partenariat-professionnel\/#breadcrumb"},"inLanguage":"en-US","potentialAction":[{"@type":"ReadAction","target":["https:\/\/www.diex.ca\/en\/partenariat-professionnel\/"]}]},{"@type":"BreadcrumbList","@id":"https:\/\/www.diex.ca\/en\/partenariat-professionnel\/#breadcrumb","itemListElement":[{"@type":"ListItem","position":1,"name":"Accueil","item":"https:\/\/www.diex.ca\/en\/"},{"@type":"ListItem","position":2,"name":"Professional partnership"}]},{"@type":"WebSite","@id":"https:\/\/www.diex.ca\/#website","url":"https:\/\/www.diex.ca\/","name":"Diex Recherche","description":"Entreprise priv\u00e9e de la recherche clinique","potentialAction":[{"@type":"SearchAction","target":{"@type":"EntryPoint","urlTemplate":"https:\/\/www.diex.ca\/?s={search_term_string}"},"query-input":{"@type":"PropertyValueSpecification","valueRequired":true,"valueName":"search_term_string"}}],"inLanguage":"en-US"}]}},"_links":{"self":[{"href":"https:\/\/www.diex.ca\/en\/wp-json\/wp\/v2\/pages\/2436","targetHints":{"allow":["GET"]}}],"collection":[{"href":"https:\/\/www.diex.ca\/en\/wp-json\/wp\/v2\/pages"}],"about":[{"href":"https:\/\/www.diex.ca\/en\/wp-json\/wp\/v2\/types\/page"}],"author":[{"embeddable":true,"href":"https:\/\/www.diex.ca\/en\/wp-json\/wp\/v2\/users\/1"}],"replies":[{"embeddable":true,"href":"https:\/\/www.diex.ca\/en\/wp-json\/wp\/v2\/comments?post=2436"}],"version-history":[{"count":5,"href":"https:\/\/www.diex.ca\/en\/wp-json\/wp\/v2\/pages\/2436\/revisions"}],"predecessor-version":[{"id":2612,"href":"https:\/\/www.diex.ca\/en\/wp-json\/wp\/v2\/pages\/2436\/revisions\/2612"}],"wp:attachment":[{"href":"https:\/\/www.diex.ca\/en\/wp-json\/wp\/v2\/media?parent=2436"}],"curies":[{"name":"wp","href":"https:\/\/api.w.org\/{rel}","templated":true}]}}