{"id":2442,"date":"2018-06-29T11:29:57","date_gmt":"2018-06-29T15:29:57","guid":{"rendered":"https:\/\/www.diex.ca\/participants\/formulaire-de-prise-de-contact\/"},"modified":"2020-05-15T12:12:18","modified_gmt":"2020-05-15T16:12:18","slug":"contact-form","status":"publish","type":"page","link":"https:\/\/www.diex.ca\/en\/participants\/contact-form\/","title":{"rendered":"Contact form"},"content":{"rendered":"<p>Please note that all information provided is kept confidential in a secure database and will be used for the sole purpose of recruiting for a study.<\/p>","protected":false},"excerpt":{"rendered":"<p>Please note that all information provided is kept confidential in a secure database and will be used for the sole purpose of recruiting for a study.<\/p>\n","protected":false},"author":1,"featured_media":0,"parent":2177,"menu_order":0,"comment_status":"closed","ping_status":"closed","template":"template-form.php","meta":{"_acf_changed":false,"footnotes":""},"class_list":["post-2442","page","type-page","status-publish","hentry"],"acf":[],"yoast_head":"<!-- This site is optimized with the Yoast SEO plugin v27.4 - https:\/\/yoast.com\/product\/yoast-seo-wordpress\/ -->\n<title>Contact form - Diex Recherche<\/title>\n<meta name=\"description\" content=\"Prendre note que tous les renseignements fournis sont conserv\u00e9s de mani\u00e8re confidentielle et seront utilis\u00e9s aux seuls fins de recrutement dans une \u00e9tude.\" \/>\n<meta name=\"robots\" content=\"index, follow, max-snippet:-1, max-image-preview:large, max-video-preview:-1\" \/>\n<link rel=\"canonical\" href=\"https:\/\/www.diex.ca\/en\/participants\/contact-form\/\" \/>\n<meta property=\"og:locale\" content=\"en_US\" \/>\n<meta property=\"og:type\" content=\"article\" \/>\n<meta property=\"og:title\" content=\"Contact form - Diex Recherche\" \/>\n<meta property=\"og:description\" content=\"Prendre note que tous les renseignements fournis sont conserv\u00e9s de mani\u00e8re confidentielle et seront utilis\u00e9s aux seuls fins de recrutement dans une \u00e9tude.\" \/>\n<meta property=\"og:url\" content=\"https:\/\/www.diex.ca\/en\/participants\/contact-form\/\" \/>\n<meta property=\"og:site_name\" content=\"Diex Recherche\" \/>\n<meta property=\"article:modified_time\" content=\"2020-05-15T16:12:18+00:00\" \/>\n<meta property=\"og:image\" content=\"https:\/\/www.diex.ca\/wp-content\/uploads\/2018\/08\/Diex_2011.jpg\" \/>\n\t<meta property=\"og:image:width\" content=\"1020\" \/>\n\t<meta property=\"og:image:height\" content=\"686\" \/>\n\t<meta property=\"og:image:type\" content=\"image\/jpeg\" \/>\n<meta name=\"twitter:card\" content=\"summary_large_image\" \/>\n<script type=\"application\/ld+json\" class=\"yoast-schema-graph\">{\"@context\":\"https:\\\/\\\/schema.org\",\"@graph\":[{\"@type\":\"WebPage\",\"@id\":\"https:\\\/\\\/www.diex.ca\\\/en\\\/participants\\\/contact-form\\\/\",\"url\":\"https:\\\/\\\/www.diex.ca\\\/en\\\/participants\\\/contact-form\\\/\",\"name\":\"Contact form - Diex Recherche\",\"isPartOf\":{\"@id\":\"https:\\\/\\\/www.diex.ca\\\/#website\"},\"datePublished\":\"2018-06-29T15:29:57+00:00\",\"dateModified\":\"2020-05-15T16:12:18+00:00\",\"description\":\"Prendre note que tous les renseignements fournis sont conserv\u00e9s de mani\u00e8re confidentielle et seront utilis\u00e9s aux seuls fins de recrutement dans une \u00e9tude.\",\"breadcrumb\":{\"@id\":\"https:\\\/\\\/www.diex.ca\\\/en\\\/participants\\\/contact-form\\\/#breadcrumb\"},\"inLanguage\":\"en-US\",\"potentialAction\":[{\"@type\":\"ReadAction\",\"target\":[\"https:\\\/\\\/www.diex.ca\\\/en\\\/participants\\\/contact-form\\\/\"]}]},{\"@type\":\"BreadcrumbList\",\"@id\":\"https:\\\/\\\/www.diex.ca\\\/en\\\/participants\\\/contact-form\\\/#breadcrumb\",\"itemListElement\":[{\"@type\":\"ListItem\",\"position\":1,\"name\":\"Accueil\",\"item\":\"https:\\\/\\\/www.diex.ca\\\/en\\\/\"},{\"@type\":\"ListItem\",\"position\":2,\"name\":\"Participants\",\"item\":\"https:\\\/\\\/www.diex.ca\\\/en\\\/participants\\\/\"},{\"@type\":\"ListItem\",\"position\":3,\"name\":\"Contact form\"}]},{\"@type\":\"WebSite\",\"@id\":\"https:\\\/\\\/www.diex.ca\\\/#website\",\"url\":\"https:\\\/\\\/www.diex.ca\\\/\",\"name\":\"Diex Recherche\",\"description\":\"Entreprise priv\u00e9e de la recherche clinique\",\"potentialAction\":[{\"@type\":\"SearchAction\",\"target\":{\"@type\":\"EntryPoint\",\"urlTemplate\":\"https:\\\/\\\/www.diex.ca\\\/?s={search_term_string}\"},\"query-input\":{\"@type\":\"PropertyValueSpecification\",\"valueRequired\":true,\"valueName\":\"search_term_string\"}}],\"inLanguage\":\"en-US\"}]}<\/script>\n<!-- \/ Yoast SEO plugin. -->","yoast_head_json":{"title":"Contact form - Diex Recherche","description":"Prendre note que tous les renseignements fournis sont conserv\u00e9s de mani\u00e8re confidentielle et seront utilis\u00e9s aux seuls fins de recrutement dans une \u00e9tude.","robots":{"index":"index","follow":"follow","max-snippet":"max-snippet:-1","max-image-preview":"max-image-preview:large","max-video-preview":"max-video-preview:-1"},"canonical":"https:\/\/www.diex.ca\/en\/participants\/contact-form\/","og_locale":"en_US","og_type":"article","og_title":"Contact form - Diex Recherche","og_description":"Prendre note que tous les renseignements fournis sont conserv\u00e9s de mani\u00e8re confidentielle et seront utilis\u00e9s aux seuls fins de recrutement dans une \u00e9tude.","og_url":"https:\/\/www.diex.ca\/en\/participants\/contact-form\/","og_site_name":"Diex Recherche","article_modified_time":"2020-05-15T16:12:18+00:00","og_image":[{"width":1020,"height":686,"url":"https:\/\/www.diex.ca\/wp-content\/uploads\/2018\/08\/Diex_2011.jpg","type":"image\/jpeg"}],"twitter_card":"summary_large_image","schema":{"@context":"https:\/\/schema.org","@graph":[{"@type":"WebPage","@id":"https:\/\/www.diex.ca\/en\/participants\/contact-form\/","url":"https:\/\/www.diex.ca\/en\/participants\/contact-form\/","name":"Contact form - Diex Recherche","isPartOf":{"@id":"https:\/\/www.diex.ca\/#website"},"datePublished":"2018-06-29T15:29:57+00:00","dateModified":"2020-05-15T16:12:18+00:00","description":"Prendre note que tous les renseignements fournis sont conserv\u00e9s de mani\u00e8re confidentielle et seront utilis\u00e9s aux seuls fins de recrutement dans une \u00e9tude.","breadcrumb":{"@id":"https:\/\/www.diex.ca\/en\/participants\/contact-form\/#breadcrumb"},"inLanguage":"en-US","potentialAction":[{"@type":"ReadAction","target":["https:\/\/www.diex.ca\/en\/participants\/contact-form\/"]}]},{"@type":"BreadcrumbList","@id":"https:\/\/www.diex.ca\/en\/participants\/contact-form\/#breadcrumb","itemListElement":[{"@type":"ListItem","position":1,"name":"Accueil","item":"https:\/\/www.diex.ca\/en\/"},{"@type":"ListItem","position":2,"name":"Participants","item":"https:\/\/www.diex.ca\/en\/participants\/"},{"@type":"ListItem","position":3,"name":"Contact form"}]},{"@type":"WebSite","@id":"https:\/\/www.diex.ca\/#website","url":"https:\/\/www.diex.ca\/","name":"Diex Recherche","description":"Entreprise priv\u00e9e de la recherche clinique","potentialAction":[{"@type":"SearchAction","target":{"@type":"EntryPoint","urlTemplate":"https:\/\/www.diex.ca\/?s={search_term_string}"},"query-input":{"@type":"PropertyValueSpecification","valueRequired":true,"valueName":"search_term_string"}}],"inLanguage":"en-US"}]}},"_links":{"self":[{"href":"https:\/\/www.diex.ca\/en\/wp-json\/wp\/v2\/pages\/2442","targetHints":{"allow":["GET"]}}],"collection":[{"href":"https:\/\/www.diex.ca\/en\/wp-json\/wp\/v2\/pages"}],"about":[{"href":"https:\/\/www.diex.ca\/en\/wp-json\/wp\/v2\/types\/page"}],"author":[{"embeddable":true,"href":"https:\/\/www.diex.ca\/en\/wp-json\/wp\/v2\/users\/1"}],"replies":[{"embeddable":true,"href":"https:\/\/www.diex.ca\/en\/wp-json\/wp\/v2\/comments?post=2442"}],"version-history":[{"count":3,"href":"https:\/\/www.diex.ca\/en\/wp-json\/wp\/v2\/pages\/2442\/revisions"}],"predecessor-version":[{"id":3025,"href":"https:\/\/www.diex.ca\/en\/wp-json\/wp\/v2\/pages\/2442\/revisions\/3025"}],"up":[{"embeddable":true,"href":"https:\/\/www.diex.ca\/en\/wp-json\/wp\/v2\/pages\/2177"}],"wp:attachment":[{"href":"https:\/\/www.diex.ca\/en\/wp-json\/wp\/v2\/media?parent=2442"}],"curies":[{"name":"wp","href":"https:\/\/api.w.org\/{rel}","templated":true}]}}