{"id":7135,"date":"2025-10-14T16:43:03","date_gmt":"2025-10-14T20:43:03","guid":{"rendered":"https:\/\/www.diex.ca\/nouvelles-et-recherche\/"},"modified":"2025-10-21T11:21:14","modified_gmt":"2025-10-21T15:21:14","slug":"news","status":"publish","type":"page","link":"https:\/\/www.diex.ca\/en\/news\/","title":{"rendered":"News"},"content":{"rendered":"<p><!-- Elfsight LinkedIn Feed | Diex LinkedIn Feed --><br \/>\r\n<script src=\"https:\/\/elfsightcdn.com\/platform.js\" async><\/script><\/p>\r\n<div class=\"elfsight-app-3167da42-3a90-4781-98ff-72dd2df59205\" data-elfsight-app-lazy=\"\">\u00a0<\/div>","protected":false},"excerpt":{"rendered":"","protected":false},"author":12,"featured_media":542,"parent":0,"menu_order":0,"comment_status":"closed","ping_status":"closed","template":"","meta":{"_acf_changed":false,"footnotes":""},"class_list":["post-7135","page","type-page","status-publish","has-post-thumbnail","hentry"],"acf":[],"yoast_head":"<!-- This site is optimized with the Yoast SEO plugin v27.4 - https:\/\/yoast.com\/product\/yoast-seo-wordpress\/ -->\n<title>News - Diex Recherche<\/title>\n<meta name=\"description\" content=\"Suivez toute l&#039;actualit\u00e9 de Diex Recherche. Les \u00e9tudes \u00e0 Qu\u00e9bec - \u00e0 Sherbrooke - \u00e0 Victoriaville. - Soyez inform\u00e9s! -\" \/>\n<meta name=\"robots\" content=\"index, follow, max-snippet:-1, max-image-preview:large, max-video-preview:-1\" \/>\n<link rel=\"canonical\" href=\"https:\/\/www.diex.ca\/en\/news\/\" \/>\n<meta property=\"og:locale\" content=\"en_US\" \/>\n<meta property=\"og:type\" content=\"article\" \/>\n<meta property=\"og:title\" content=\"News - Diex Recherche\" \/>\n<meta property=\"og:description\" content=\"Suivez toute l&#039;actualit\u00e9 de Diex Recherche. Les \u00e9tudes \u00e0 Qu\u00e9bec - \u00e0 Sherbrooke - \u00e0 Victoriaville. - Soyez inform\u00e9s! -\" \/>\n<meta property=\"og:url\" content=\"https:\/\/www.diex.ca\/en\/news\/\" \/>\n<meta property=\"og:site_name\" content=\"Diex Recherche\" \/>\n<meta property=\"article:modified_time\" content=\"2025-10-21T15:21:14+00:00\" \/>\n<meta property=\"og:image\" content=\"https:\/\/www.diex.ca\/wp-content\/uploads\/2018\/07\/bg-news.jpg\" \/>\n\t<meta property=\"og:image:width\" content=\"2000\" \/>\n\t<meta property=\"og:image:height\" content=\"939\" \/>\n\t<meta property=\"og:image:type\" content=\"image\/jpeg\" \/>\n<meta name=\"twitter:card\" content=\"summary_large_image\" \/>\n<meta name=\"twitter:label1\" content=\"Est. reading time\" \/>\n\t<meta name=\"twitter:data1\" content=\"1 minute\" \/>\n<script type=\"application\/ld+json\" class=\"yoast-schema-graph\">{\"@context\":\"https:\\\/\\\/schema.org\",\"@graph\":[{\"@type\":\"WebPage\",\"@id\":\"https:\\\/\\\/www.diex.ca\\\/en\\\/news\\\/\",\"url\":\"https:\\\/\\\/www.diex.ca\\\/en\\\/news\\\/\",\"name\":\"News - Diex Recherche\",\"isPartOf\":{\"@id\":\"https:\\\/\\\/www.diex.ca\\\/#website\"},\"primaryImageOfPage\":{\"@id\":\"https:\\\/\\\/www.diex.ca\\\/en\\\/news\\\/#primaryimage\"},\"image\":{\"@id\":\"https:\\\/\\\/www.diex.ca\\\/en\\\/news\\\/#primaryimage\"},\"thumbnailUrl\":\"https:\\\/\\\/www.diex.ca\\\/wp-content\\\/uploads\\\/2018\\\/07\\\/bg-news.jpg\",\"datePublished\":\"2025-10-14T20:43:03+00:00\",\"dateModified\":\"2025-10-21T15:21:14+00:00\",\"description\":\"Suivez toute l'actualit\u00e9 de Diex Recherche. Les \u00e9tudes \u00e0 Qu\u00e9bec - \u00e0 Sherbrooke - \u00e0 Victoriaville. - Soyez inform\u00e9s! -\",\"breadcrumb\":{\"@id\":\"https:\\\/\\\/www.diex.ca\\\/en\\\/news\\\/#breadcrumb\"},\"inLanguage\":\"en-US\",\"potentialAction\":[{\"@type\":\"ReadAction\",\"target\":[\"https:\\\/\\\/www.diex.ca\\\/en\\\/news\\\/\"]}]},{\"@type\":\"ImageObject\",\"inLanguage\":\"en-US\",\"@id\":\"https:\\\/\\\/www.diex.ca\\\/en\\\/news\\\/#primaryimage\",\"url\":\"https:\\\/\\\/www.diex.ca\\\/wp-content\\\/uploads\\\/2018\\\/07\\\/bg-news.jpg\",\"contentUrl\":\"https:\\\/\\\/www.diex.ca\\\/wp-content\\\/uploads\\\/2018\\\/07\\\/bg-news.jpg\",\"width\":2000,\"height\":939},{\"@type\":\"BreadcrumbList\",\"@id\":\"https:\\\/\\\/www.diex.ca\\\/en\\\/news\\\/#breadcrumb\",\"itemListElement\":[{\"@type\":\"ListItem\",\"position\":1,\"name\":\"Accueil\",\"item\":\"https:\\\/\\\/www.diex.ca\\\/en\\\/\"},{\"@type\":\"ListItem\",\"position\":2,\"name\":\"News\"}]},{\"@type\":\"WebSite\",\"@id\":\"https:\\\/\\\/www.diex.ca\\\/#website\",\"url\":\"https:\\\/\\\/www.diex.ca\\\/\",\"name\":\"Diex Recherche\",\"description\":\"Entreprise priv\u00e9e de la recherche clinique\",\"potentialAction\":[{\"@type\":\"SearchAction\",\"target\":{\"@type\":\"EntryPoint\",\"urlTemplate\":\"https:\\\/\\\/www.diex.ca\\\/?s={search_term_string}\"},\"query-input\":{\"@type\":\"PropertyValueSpecification\",\"valueRequired\":true,\"valueName\":\"search_term_string\"}}],\"inLanguage\":\"en-US\"}]}<\/script>\n<!-- \/ Yoast SEO plugin. -->","yoast_head_json":{"title":"News - Diex Recherche","description":"Suivez toute l'actualit\u00e9 de Diex Recherche. Les \u00e9tudes \u00e0 Qu\u00e9bec - \u00e0 Sherbrooke - \u00e0 Victoriaville. - Soyez inform\u00e9s! -","robots":{"index":"index","follow":"follow","max-snippet":"max-snippet:-1","max-image-preview":"max-image-preview:large","max-video-preview":"max-video-preview:-1"},"canonical":"https:\/\/www.diex.ca\/en\/news\/","og_locale":"en_US","og_type":"article","og_title":"News - Diex Recherche","og_description":"Suivez toute l'actualit\u00e9 de Diex Recherche. Les \u00e9tudes \u00e0 Qu\u00e9bec - \u00e0 Sherbrooke - \u00e0 Victoriaville. - Soyez inform\u00e9s! -","og_url":"https:\/\/www.diex.ca\/en\/news\/","og_site_name":"Diex Recherche","article_modified_time":"2025-10-21T15:21:14+00:00","og_image":[{"width":2000,"height":939,"url":"https:\/\/www.diex.ca\/wp-content\/uploads\/2018\/07\/bg-news.jpg","type":"image\/jpeg"}],"twitter_card":"summary_large_image","twitter_misc":{"Est. reading time":"1 minute"},"schema":{"@context":"https:\/\/schema.org","@graph":[{"@type":"WebPage","@id":"https:\/\/www.diex.ca\/en\/news\/","url":"https:\/\/www.diex.ca\/en\/news\/","name":"News - Diex Recherche","isPartOf":{"@id":"https:\/\/www.diex.ca\/#website"},"primaryImageOfPage":{"@id":"https:\/\/www.diex.ca\/en\/news\/#primaryimage"},"image":{"@id":"https:\/\/www.diex.ca\/en\/news\/#primaryimage"},"thumbnailUrl":"https:\/\/www.diex.ca\/wp-content\/uploads\/2018\/07\/bg-news.jpg","datePublished":"2025-10-14T20:43:03+00:00","dateModified":"2025-10-21T15:21:14+00:00","description":"Suivez toute l'actualit\u00e9 de Diex Recherche. Les \u00e9tudes \u00e0 Qu\u00e9bec - \u00e0 Sherbrooke - \u00e0 Victoriaville. - Soyez inform\u00e9s! -","breadcrumb":{"@id":"https:\/\/www.diex.ca\/en\/news\/#breadcrumb"},"inLanguage":"en-US","potentialAction":[{"@type":"ReadAction","target":["https:\/\/www.diex.ca\/en\/news\/"]}]},{"@type":"ImageObject","inLanguage":"en-US","@id":"https:\/\/www.diex.ca\/en\/news\/#primaryimage","url":"https:\/\/www.diex.ca\/wp-content\/uploads\/2018\/07\/bg-news.jpg","contentUrl":"https:\/\/www.diex.ca\/wp-content\/uploads\/2018\/07\/bg-news.jpg","width":2000,"height":939},{"@type":"BreadcrumbList","@id":"https:\/\/www.diex.ca\/en\/news\/#breadcrumb","itemListElement":[{"@type":"ListItem","position":1,"name":"Accueil","item":"https:\/\/www.diex.ca\/en\/"},{"@type":"ListItem","position":2,"name":"News"}]},{"@type":"WebSite","@id":"https:\/\/www.diex.ca\/#website","url":"https:\/\/www.diex.ca\/","name":"Diex Recherche","description":"Entreprise priv\u00e9e de la recherche clinique","potentialAction":[{"@type":"SearchAction","target":{"@type":"EntryPoint","urlTemplate":"https:\/\/www.diex.ca\/?s={search_term_string}"},"query-input":{"@type":"PropertyValueSpecification","valueRequired":true,"valueName":"search_term_string"}}],"inLanguage":"en-US"}]}},"_links":{"self":[{"href":"https:\/\/www.diex.ca\/en\/wp-json\/wp\/v2\/pages\/7135","targetHints":{"allow":["GET"]}}],"collection":[{"href":"https:\/\/www.diex.ca\/en\/wp-json\/wp\/v2\/pages"}],"about":[{"href":"https:\/\/www.diex.ca\/en\/wp-json\/wp\/v2\/types\/page"}],"author":[{"embeddable":true,"href":"https:\/\/www.diex.ca\/en\/wp-json\/wp\/v2\/users\/12"}],"replies":[{"embeddable":true,"href":"https:\/\/www.diex.ca\/en\/wp-json\/wp\/v2\/comments?post=7135"}],"version-history":[{"count":1,"href":"https:\/\/www.diex.ca\/en\/wp-json\/wp\/v2\/pages\/7135\/revisions"}],"predecessor-version":[{"id":7136,"href":"https:\/\/www.diex.ca\/en\/wp-json\/wp\/v2\/pages\/7135\/revisions\/7136"}],"wp:featuredmedia":[{"embeddable":true,"href":"https:\/\/www.diex.ca\/en\/wp-json\/wp\/v2\/media\/542"}],"wp:attachment":[{"href":"https:\/\/www.diex.ca\/en\/wp-json\/wp\/v2\/media?parent=7135"}],"curies":[{"name":"wp","href":"https:\/\/api.w.org\/{rel}","templated":true}]}}